{"id":7294,"date":"2025-12-15T18:10:42","date_gmt":"2025-12-15T17:10:42","guid":{"rendered":"https:\/\/shop.grainesdepaix.org\/produit\/leon-et-ses-emotions-gift-wrapping-paper-set-of-3-sheets\/"},"modified":"2025-12-15T18:10:42","modified_gmt":"2025-12-15T17:10:42","slug":"leon-et-ses-emotions-gift-wrapping-paper-set-of-3-sheets","status":"publish","type":"product","link":"https:\/\/shop.grainesdepaix.org\/en\/produit\/leon-et-ses-emotions-gift-wrapping-paper-set-of-3-sheets\/","title":{"rendered":"L\u00e9on et ses \u00e9motions&#8221; gift wrapping paper &#8211; set of 3 sheets"},"content":{"rendered":"<p>Gifts that stir the emotions<\/p>\n<p>This gift wrapping paper plunges young and old alike into L\u00e9on&#8217;s cheerful, caring world. Its playful illustrations feature the book&#8217;s 7 emotions, for wrapping that makes you smile even before you open the gift. <\/p>\n","protected":false},"excerpt":{"rendered":"<p>Colourful gift paper illustrating Leon the chameleon and his friends in their emotional world.<\/p>\n<p><strong>Characteristics:<\/strong><\/p>\n<p>Set of three sheets<br \/>\nDimensions: 70 \u00d7 100 cm per sheet<br \/>\nMotifs: colourful scenes from the game book<br \/>\nDispatch: folded in an envelope<\/p>\n","protected":false},"featured_media":7209,"template":"","meta":{"_acf_changed":false,"inline_featured_image":false},"product_brand":[],"product_cat":[274,275,277],"product_tag":[],"class_list":{"0":"post-7294","1":"product","2":"type-product","3":"status-publish","4":"has-post-thumbnail","6":"product_cat-books-solidarity-items","7":"product_cat-leon-and-his-emotions","8":"product_cat-resources-for-children","10":"first","11":"instock","12":"shipping-taxable","13":"purchasable","14":"product-type-simple"},"acf":[],"yoast_head":"<!-- This site is optimized with the Yoast SEO plugin v27.1.1 - https:\/\/yoast.com\/product\/yoast-seo-wordpress\/ -->\n<title>L\u00e9on et ses \u00e9motions gift wrap paper - Set of 3 sheets<\/title>\n<meta name=\"description\" content=\"Gift wrap illustrated with L\u00e9on and his emotions. Three large sheets for cheerful, colorful wrapping that makes you smile.\" \/>\n<meta name=\"robots\" content=\"index, follow, max-snippet:-1, max-image-preview:large, max-video-preview:-1\" \/>\n<link rel=\"canonical\" href=\"https:\/\/shop.grainesdepaix.org\/en\/produit\/leon-et-ses-emotions-gift-wrapping-paper-set-of-3-sheets\/\" \/>\n<meta property=\"og:locale\" content=\"en_US\" \/>\n<meta property=\"og:type\" content=\"article\" \/>\n<meta property=\"og:title\" content=\"L\u00e9on et ses \u00e9motions gift wrap paper - Set of 3 sheets\" \/>\n<meta property=\"og:description\" content=\"Gift wrap illustrated with L\u00e9on and his emotions. Three large sheets for cheerful, colorful wrapping that makes you smile.\" \/>\n<meta property=\"og:url\" content=\"https:\/\/shop.grainesdepaix.org\/en\/produit\/leon-et-ses-emotions-gift-wrapping-paper-set-of-3-sheets\/\" \/>\n<meta property=\"og:site_name\" content=\"Shop Fondation Graines de Paix\" \/>\n<meta property=\"og:image\" content=\"https:\/\/shop.grainesdepaix.org\/wp-content\/uploads\/2025\/12\/papier-cadeau-leon.webp\" \/>\n\t<meta property=\"og:image:width\" content=\"360\" \/>\n\t<meta property=\"og:image:height\" content=\"360\" \/>\n\t<meta property=\"og:image:type\" content=\"image\/webp\" \/>\n<meta name=\"twitter:card\" content=\"summary_large_image\" \/>\n<script type=\"application\/ld+json\" class=\"yoast-schema-graph\">{\"@context\":\"https:\/\/schema.org\",\"@graph\":[{\"@type\":\"WebPage\",\"@id\":\"https:\/\/shop.grainesdepaix.org\/en\/produit\/leon-et-ses-emotions-gift-wrapping-paper-set-of-3-sheets\/\",\"url\":\"https:\/\/shop.grainesdepaix.org\/en\/produit\/leon-et-ses-emotions-gift-wrapping-paper-set-of-3-sheets\/\",\"name\":\"L\u00e9on et ses \u00e9motions gift wrap paper - Set of 3 sheets\",\"isPartOf\":{\"@id\":\"https:\/\/shop.grainesdepaix.org\/en\/#website\"},\"primaryImageOfPage\":{\"@id\":\"https:\/\/shop.grainesdepaix.org\/en\/produit\/leon-et-ses-emotions-gift-wrapping-paper-set-of-3-sheets\/#primaryimage\"},\"image\":{\"@id\":\"https:\/\/shop.grainesdepaix.org\/en\/produit\/leon-et-ses-emotions-gift-wrapping-paper-set-of-3-sheets\/#primaryimage\"},\"thumbnailUrl\":\"https:\/\/shop.grainesdepaix.org\/wp-content\/uploads\/2025\/12\/papier-cadeau-leon.webp\",\"datePublished\":\"2025-12-15T17:10:42+00:00\",\"description\":\"Gift wrap illustrated with L\u00e9on and his emotions. Three large sheets for cheerful, colorful wrapping that makes you smile.\",\"breadcrumb\":{\"@id\":\"https:\/\/shop.grainesdepaix.org\/en\/produit\/leon-et-ses-emotions-gift-wrapping-paper-set-of-3-sheets\/#breadcrumb\"},\"inLanguage\":\"en-US\",\"potentialAction\":[{\"@type\":\"ReadAction\",\"target\":[\"https:\/\/shop.grainesdepaix.org\/en\/produit\/leon-et-ses-emotions-gift-wrapping-paper-set-of-3-sheets\/\"]}]},{\"@type\":\"ImageObject\",\"inLanguage\":\"en-US\",\"@id\":\"https:\/\/shop.grainesdepaix.org\/en\/produit\/leon-et-ses-emotions-gift-wrapping-paper-set-of-3-sheets\/#primaryimage\",\"url\":\"https:\/\/shop.grainesdepaix.org\/wp-content\/uploads\/2025\/12\/papier-cadeau-leon.webp\",\"contentUrl\":\"https:\/\/shop.grainesdepaix.org\/wp-content\/uploads\/2025\/12\/papier-cadeau-leon.webp\",\"width\":360,\"height\":360,\"caption\":\"L\u00e9on and his emotions gift wrap\"},{\"@type\":\"BreadcrumbList\",\"@id\":\"https:\/\/shop.grainesdepaix.org\/en\/produit\/leon-et-ses-emotions-gift-wrapping-paper-set-of-3-sheets\/#breadcrumb\",\"itemListElement\":[{\"@type\":\"ListItem\",\"position\":1,\"name\":\"Home\",\"item\":\"https:\/\/shop.grainesdepaix.org\/en\/\"},{\"@type\":\"ListItem\",\"position\":2,\"name\":\"L\u00e9on et ses \u00e9motions&#8221; gift wrapping paper &#8211; set of 3 sheets\"}]},{\"@type\":\"WebSite\",\"@id\":\"https:\/\/shop.grainesdepaix.org\/en\/#website\",\"url\":\"https:\/\/shop.grainesdepaix.org\/en\/\",\"name\":\"Shop Fondation Graines de Paix\",\"description\":\"Un site utilisant WordPress\",\"potentialAction\":[{\"@type\":\"SearchAction\",\"target\":{\"@type\":\"EntryPoint\",\"urlTemplate\":\"https:\/\/shop.grainesdepaix.org\/en\/?s={search_term_string}\"},\"query-input\":{\"@type\":\"PropertyValueSpecification\",\"valueRequired\":true,\"valueName\":\"search_term_string\"}}],\"inLanguage\":\"en-US\"}]}<\/script>\n<!-- \/ Yoast SEO plugin. -->","yoast_head_json":{"title":"L\u00e9on et ses \u00e9motions gift wrap paper - Set of 3 sheets","description":"Gift wrap illustrated with L\u00e9on and his emotions. Three large sheets for cheerful, colorful wrapping that makes you smile.","robots":{"index":"index","follow":"follow","max-snippet":"max-snippet:-1","max-image-preview":"max-image-preview:large","max-video-preview":"max-video-preview:-1"},"canonical":"https:\/\/shop.grainesdepaix.org\/en\/produit\/leon-et-ses-emotions-gift-wrapping-paper-set-of-3-sheets\/","og_locale":"en_US","og_type":"article","og_title":"L\u00e9on et ses \u00e9motions gift wrap paper - Set of 3 sheets","og_description":"Gift wrap illustrated with L\u00e9on and his emotions. Three large sheets for cheerful, colorful wrapping that makes you smile.","og_url":"https:\/\/shop.grainesdepaix.org\/en\/produit\/leon-et-ses-emotions-gift-wrapping-paper-set-of-3-sheets\/","og_site_name":"Shop Fondation Graines de Paix","og_image":[{"width":360,"height":360,"url":"https:\/\/shop.grainesdepaix.org\/wp-content\/uploads\/2025\/12\/papier-cadeau-leon.webp","type":"image\/webp"}],"twitter_card":"summary_large_image","schema":{"@context":"https:\/\/schema.org","@graph":[{"@type":"WebPage","@id":"https:\/\/shop.grainesdepaix.org\/en\/produit\/leon-et-ses-emotions-gift-wrapping-paper-set-of-3-sheets\/","url":"https:\/\/shop.grainesdepaix.org\/en\/produit\/leon-et-ses-emotions-gift-wrapping-paper-set-of-3-sheets\/","name":"L\u00e9on et ses \u00e9motions gift wrap paper - Set of 3 sheets","isPartOf":{"@id":"https:\/\/shop.grainesdepaix.org\/en\/#website"},"primaryImageOfPage":{"@id":"https:\/\/shop.grainesdepaix.org\/en\/produit\/leon-et-ses-emotions-gift-wrapping-paper-set-of-3-sheets\/#primaryimage"},"image":{"@id":"https:\/\/shop.grainesdepaix.org\/en\/produit\/leon-et-ses-emotions-gift-wrapping-paper-set-of-3-sheets\/#primaryimage"},"thumbnailUrl":"https:\/\/shop.grainesdepaix.org\/wp-content\/uploads\/2025\/12\/papier-cadeau-leon.webp","datePublished":"2025-12-15T17:10:42+00:00","description":"Gift wrap illustrated with L\u00e9on and his emotions. Three large sheets for cheerful, colorful wrapping that makes you smile.","breadcrumb":{"@id":"https:\/\/shop.grainesdepaix.org\/en\/produit\/leon-et-ses-emotions-gift-wrapping-paper-set-of-3-sheets\/#breadcrumb"},"inLanguage":"en-US","potentialAction":[{"@type":"ReadAction","target":["https:\/\/shop.grainesdepaix.org\/en\/produit\/leon-et-ses-emotions-gift-wrapping-paper-set-of-3-sheets\/"]}]},{"@type":"ImageObject","inLanguage":"en-US","@id":"https:\/\/shop.grainesdepaix.org\/en\/produit\/leon-et-ses-emotions-gift-wrapping-paper-set-of-3-sheets\/#primaryimage","url":"https:\/\/shop.grainesdepaix.org\/wp-content\/uploads\/2025\/12\/papier-cadeau-leon.webp","contentUrl":"https:\/\/shop.grainesdepaix.org\/wp-content\/uploads\/2025\/12\/papier-cadeau-leon.webp","width":360,"height":360,"caption":"L\u00e9on and his emotions gift wrap"},{"@type":"BreadcrumbList","@id":"https:\/\/shop.grainesdepaix.org\/en\/produit\/leon-et-ses-emotions-gift-wrapping-paper-set-of-3-sheets\/#breadcrumb","itemListElement":[{"@type":"ListItem","position":1,"name":"Home","item":"https:\/\/shop.grainesdepaix.org\/en\/"},{"@type":"ListItem","position":2,"name":"L\u00e9on et ses \u00e9motions&#8221; gift wrapping paper &#8211; set of 3 sheets"}]},{"@type":"WebSite","@id":"https:\/\/shop.grainesdepaix.org\/en\/#website","url":"https:\/\/shop.grainesdepaix.org\/en\/","name":"Shop Fondation Graines de Paix","description":"Un site utilisant WordPress","potentialAction":[{"@type":"SearchAction","target":{"@type":"EntryPoint","urlTemplate":"https:\/\/shop.grainesdepaix.org\/en\/?s={search_term_string}"},"query-input":{"@type":"PropertyValueSpecification","valueRequired":true,"valueName":"search_term_string"}}],"inLanguage":"en-US"}]}},"_links":{"self":[{"href":"https:\/\/shop.grainesdepaix.org\/en\/wp-json\/wp\/v2\/product\/7294","targetHints":{"allow":["GET"]}}],"collection":[{"href":"https:\/\/shop.grainesdepaix.org\/en\/wp-json\/wp\/v2\/product"}],"about":[{"href":"https:\/\/shop.grainesdepaix.org\/en\/wp-json\/wp\/v2\/types\/product"}],"wp:featuredmedia":[{"embeddable":true,"href":"https:\/\/shop.grainesdepaix.org\/en\/wp-json\/wp\/v2\/media\/7209"}],"wp:attachment":[{"href":"https:\/\/shop.grainesdepaix.org\/en\/wp-json\/wp\/v2\/media?parent=7294"}],"wp:term":[{"taxonomy":"product_brand","embeddable":true,"href":"https:\/\/shop.grainesdepaix.org\/en\/wp-json\/wp\/v2\/product_brand?post=7294"},{"taxonomy":"product_cat","embeddable":true,"href":"https:\/\/shop.grainesdepaix.org\/en\/wp-json\/wp\/v2\/product_cat?post=7294"},{"taxonomy":"product_tag","embeddable":true,"href":"https:\/\/shop.grainesdepaix.org\/en\/wp-json\/wp\/v2\/product_tag?post=7294"}],"curies":[{"name":"wp","href":"https:\/\/api.w.org\/{rel}","templated":true}]}}