{"id":7286,"date":"2025-12-15T18:16:59","date_gmt":"2025-12-15T17:16:59","guid":{"rendered":"https:\/\/shop.grainesdepaix.org\/produit\/game-book-in-pursuit-of-leon-and-his-emotions\/"},"modified":"2025-12-15T18:16:59","modified_gmt":"2025-12-15T17:16:59","slug":"game-book-in-pursuit-of-leon-and-his-emotions","status":"publish","type":"product","link":"https:\/\/shop.grainesdepaix.org\/en\/produit\/game-book-in-pursuit-of-leon-and-his-emotions\/","title":{"rendered":"Game book: &#8220;In pursuit of L\u00e9on and his emotions&#8221;."},"content":{"rendered":"<p>Halfway between a book and a game, <em>L\u00e9on et ses \u00e9motions<\/em> invites children to follow in the footsteps of a chameleon explorer.<br \/>\nPage after page, they discover 27 emotions through challenges, observations and mini-games that stimulate creativity and reflection.<\/p>\n<p>Children learn to recognize their feelings, express their emotions and understand those of others, all while having fun.<br \/>\nThe book also includes practical advice for adults to help children discover their emotions on a daily basis.<\/p>\n<p><strong>What children will learn:<\/strong><\/p>\n<ul>\n<li>Identifying and naming emotions<\/li>\n<li>Better understand their reactions and those of others<\/li>\n<li>Develop listening skills, empathy and self-confidence<\/li>\n<li>Learn to calm down and express their needs<\/li>\n<li>Sharing a moment of play and dialogue as a family<\/li>\n<\/ul>\n<p><strong>To accompany the child :<\/strong><\/p>\n<ul>\n<li>Tips to help children manage their emotions (breathing, creativity, symbolic play)<\/li>\n<li>Tips for enriching emotional vocabulary and encouraging parent-child dialogue<\/li>\n<\/ul>\n<p>A fun, caring tool for growing up at peace with your emotions.<\/p>\n","protected":false},"excerpt":{"rendered":"<p><strong>Age<\/strong>: from 4 years<br \/>\n<strong>Format<\/strong>: illustrated book-game &#8211; 48 pages<br \/>\n<strong>Language<\/strong>: French<br \/>\n<strong>Public<\/strong>: children, parents, teachers<\/p>\n","protected":false},"featured_media":4807,"template":"","meta":{"_acf_changed":false,"inline_featured_image":false},"product_brand":[],"product_cat":[275,277],"product_tag":[],"class_list":{"0":"post-7286","1":"product","2":"type-product","3":"status-publish","4":"has-post-thumbnail","6":"product_cat-leon-and-his-emotions","7":"product_cat-resources-for-children","9":"first","10":"instock","11":"featured","12":"shipping-taxable","13":"purchasable","14":"product-type-simple"},"acf":[],"yoast_head":"<!-- This site is optimized with the Yoast SEO plugin v27.1.1 - https:\/\/yoast.com\/product\/yoast-seo-wordpress\/ -->\n<title>L\u00e9on et ses \u00e9motions - Children&#039;s game book<\/title>\n<meta name=\"description\" content=\"To help children recognize their emotions, develop empathy, calm down and strengthen parent-child dialogue.\" \/>\n<meta name=\"robots\" content=\"index, follow, max-snippet:-1, max-image-preview:large, max-video-preview:-1\" \/>\n<link rel=\"canonical\" href=\"https:\/\/shop.grainesdepaix.org\/en\/produit\/game-book-in-pursuit-of-leon-and-his-emotions\/\" \/>\n<meta property=\"og:locale\" content=\"en_US\" \/>\n<meta property=\"og:type\" content=\"article\" \/>\n<meta property=\"og:title\" content=\"L\u00e9on et ses \u00e9motions - Children&#039;s game book\" \/>\n<meta property=\"og:description\" content=\"To help children recognize their emotions, develop empathy, calm down and strengthen parent-child dialogue.\" \/>\n<meta property=\"og:url\" content=\"https:\/\/shop.grainesdepaix.org\/en\/produit\/game-book-in-pursuit-of-leon-and-his-emotions\/\" \/>\n<meta property=\"og:site_name\" content=\"Shop Fondation Graines de Paix\" \/>\n<meta property=\"og:image\" content=\"https:\/\/shop.grainesdepaix.org\/wp-content\/uploads\/2025\/06\/couvLeon_1024x1024@2x.webp\" \/>\n\t<meta property=\"og:image:width\" content=\"2048\" \/>\n\t<meta property=\"og:image:height\" content=\"2048\" \/>\n\t<meta property=\"og:image:type\" content=\"image\/webp\" \/>\n<meta name=\"twitter:card\" content=\"summary_large_image\" \/>\n<meta name=\"twitter:label1\" content=\"Est. reading time\" \/>\n\t<meta name=\"twitter:data1\" content=\"1 minute\" \/>\n<script type=\"application\/ld+json\" class=\"yoast-schema-graph\">{\"@context\":\"https:\/\/schema.org\",\"@graph\":[{\"@type\":\"WebPage\",\"@id\":\"https:\/\/shop.grainesdepaix.org\/en\/produit\/game-book-in-pursuit-of-leon-and-his-emotions\/\",\"url\":\"https:\/\/shop.grainesdepaix.org\/en\/produit\/game-book-in-pursuit-of-leon-and-his-emotions\/\",\"name\":\"L\u00e9on et ses \u00e9motions - Children's game book\",\"isPartOf\":{\"@id\":\"https:\/\/shop.grainesdepaix.org\/en\/#website\"},\"primaryImageOfPage\":{\"@id\":\"https:\/\/shop.grainesdepaix.org\/en\/produit\/game-book-in-pursuit-of-leon-and-his-emotions\/#primaryimage\"},\"image\":{\"@id\":\"https:\/\/shop.grainesdepaix.org\/en\/produit\/game-book-in-pursuit-of-leon-and-his-emotions\/#primaryimage\"},\"thumbnailUrl\":\"https:\/\/shop.grainesdepaix.org\/wp-content\/uploads\/2025\/06\/couvLeon_1024x1024@2x.webp\",\"datePublished\":\"2025-12-15T17:16:59+00:00\",\"description\":\"To help children recognize their emotions, develop empathy, calm down and strengthen parent-child dialogue.\",\"breadcrumb\":{\"@id\":\"https:\/\/shop.grainesdepaix.org\/en\/produit\/game-book-in-pursuit-of-leon-and-his-emotions\/#breadcrumb\"},\"inLanguage\":\"en-US\",\"potentialAction\":[{\"@type\":\"ReadAction\",\"target\":[\"https:\/\/shop.grainesdepaix.org\/en\/produit\/game-book-in-pursuit-of-leon-and-his-emotions\/\"]}]},{\"@type\":\"ImageObject\",\"inLanguage\":\"en-US\",\"@id\":\"https:\/\/shop.grainesdepaix.org\/en\/produit\/game-book-in-pursuit-of-leon-and-his-emotions\/#primaryimage\",\"url\":\"https:\/\/shop.grainesdepaix.org\/wp-content\/uploads\/2025\/06\/couvLeon_1024x1024@2x.webp\",\"contentUrl\":\"https:\/\/shop.grainesdepaix.org\/wp-content\/uploads\/2025\/06\/couvLeon_1024x1024@2x.webp\",\"width\":2048,\"height\":2048},{\"@type\":\"BreadcrumbList\",\"@id\":\"https:\/\/shop.grainesdepaix.org\/en\/produit\/game-book-in-pursuit-of-leon-and-his-emotions\/#breadcrumb\",\"itemListElement\":[{\"@type\":\"ListItem\",\"position\":1,\"name\":\"Home\",\"item\":\"https:\/\/shop.grainesdepaix.org\/en\/\"},{\"@type\":\"ListItem\",\"position\":2,\"name\":\"Game book: &#8220;In pursuit of L\u00e9on and his emotions&#8221;.\"}]},{\"@type\":\"WebSite\",\"@id\":\"https:\/\/shop.grainesdepaix.org\/en\/#website\",\"url\":\"https:\/\/shop.grainesdepaix.org\/en\/\",\"name\":\"Shop Fondation Graines de Paix\",\"description\":\"Un site utilisant WordPress\",\"potentialAction\":[{\"@type\":\"SearchAction\",\"target\":{\"@type\":\"EntryPoint\",\"urlTemplate\":\"https:\/\/shop.grainesdepaix.org\/en\/?s={search_term_string}\"},\"query-input\":{\"@type\":\"PropertyValueSpecification\",\"valueRequired\":true,\"valueName\":\"search_term_string\"}}],\"inLanguage\":\"en-US\"}]}<\/script>\n<!-- \/ Yoast SEO plugin. -->","yoast_head_json":{"title":"L\u00e9on et ses \u00e9motions - Children's game book","description":"To help children recognize their emotions, develop empathy, calm down and strengthen parent-child dialogue.","robots":{"index":"index","follow":"follow","max-snippet":"max-snippet:-1","max-image-preview":"max-image-preview:large","max-video-preview":"max-video-preview:-1"},"canonical":"https:\/\/shop.grainesdepaix.org\/en\/produit\/game-book-in-pursuit-of-leon-and-his-emotions\/","og_locale":"en_US","og_type":"article","og_title":"L\u00e9on et ses \u00e9motions - Children's game book","og_description":"To help children recognize their emotions, develop empathy, calm down and strengthen parent-child dialogue.","og_url":"https:\/\/shop.grainesdepaix.org\/en\/produit\/game-book-in-pursuit-of-leon-and-his-emotions\/","og_site_name":"Shop Fondation Graines de Paix","og_image":[{"width":2048,"height":2048,"url":"https:\/\/shop.grainesdepaix.org\/wp-content\/uploads\/2025\/06\/couvLeon_1024x1024@2x.webp","type":"image\/webp"}],"twitter_card":"summary_large_image","twitter_misc":{"Est. reading time":"1 minute"},"schema":{"@context":"https:\/\/schema.org","@graph":[{"@type":"WebPage","@id":"https:\/\/shop.grainesdepaix.org\/en\/produit\/game-book-in-pursuit-of-leon-and-his-emotions\/","url":"https:\/\/shop.grainesdepaix.org\/en\/produit\/game-book-in-pursuit-of-leon-and-his-emotions\/","name":"L\u00e9on et ses \u00e9motions - Children's game book","isPartOf":{"@id":"https:\/\/shop.grainesdepaix.org\/en\/#website"},"primaryImageOfPage":{"@id":"https:\/\/shop.grainesdepaix.org\/en\/produit\/game-book-in-pursuit-of-leon-and-his-emotions\/#primaryimage"},"image":{"@id":"https:\/\/shop.grainesdepaix.org\/en\/produit\/game-book-in-pursuit-of-leon-and-his-emotions\/#primaryimage"},"thumbnailUrl":"https:\/\/shop.grainesdepaix.org\/wp-content\/uploads\/2025\/06\/couvLeon_1024x1024@2x.webp","datePublished":"2025-12-15T17:16:59+00:00","description":"To help children recognize their emotions, develop empathy, calm down and strengthen parent-child dialogue.","breadcrumb":{"@id":"https:\/\/shop.grainesdepaix.org\/en\/produit\/game-book-in-pursuit-of-leon-and-his-emotions\/#breadcrumb"},"inLanguage":"en-US","potentialAction":[{"@type":"ReadAction","target":["https:\/\/shop.grainesdepaix.org\/en\/produit\/game-book-in-pursuit-of-leon-and-his-emotions\/"]}]},{"@type":"ImageObject","inLanguage":"en-US","@id":"https:\/\/shop.grainesdepaix.org\/en\/produit\/game-book-in-pursuit-of-leon-and-his-emotions\/#primaryimage","url":"https:\/\/shop.grainesdepaix.org\/wp-content\/uploads\/2025\/06\/couvLeon_1024x1024@2x.webp","contentUrl":"https:\/\/shop.grainesdepaix.org\/wp-content\/uploads\/2025\/06\/couvLeon_1024x1024@2x.webp","width":2048,"height":2048},{"@type":"BreadcrumbList","@id":"https:\/\/shop.grainesdepaix.org\/en\/produit\/game-book-in-pursuit-of-leon-and-his-emotions\/#breadcrumb","itemListElement":[{"@type":"ListItem","position":1,"name":"Home","item":"https:\/\/shop.grainesdepaix.org\/en\/"},{"@type":"ListItem","position":2,"name":"Game book: &#8220;In pursuit of L\u00e9on and his emotions&#8221;."}]},{"@type":"WebSite","@id":"https:\/\/shop.grainesdepaix.org\/en\/#website","url":"https:\/\/shop.grainesdepaix.org\/en\/","name":"Shop Fondation Graines de Paix","description":"Un site utilisant WordPress","potentialAction":[{"@type":"SearchAction","target":{"@type":"EntryPoint","urlTemplate":"https:\/\/shop.grainesdepaix.org\/en\/?s={search_term_string}"},"query-input":{"@type":"PropertyValueSpecification","valueRequired":true,"valueName":"search_term_string"}}],"inLanguage":"en-US"}]}},"_links":{"self":[{"href":"https:\/\/shop.grainesdepaix.org\/en\/wp-json\/wp\/v2\/product\/7286","targetHints":{"allow":["GET"]}}],"collection":[{"href":"https:\/\/shop.grainesdepaix.org\/en\/wp-json\/wp\/v2\/product"}],"about":[{"href":"https:\/\/shop.grainesdepaix.org\/en\/wp-json\/wp\/v2\/types\/product"}],"wp:featuredmedia":[{"embeddable":true,"href":"https:\/\/shop.grainesdepaix.org\/en\/wp-json\/wp\/v2\/media\/4807"}],"wp:attachment":[{"href":"https:\/\/shop.grainesdepaix.org\/en\/wp-json\/wp\/v2\/media?parent=7286"}],"wp:term":[{"taxonomy":"product_brand","embeddable":true,"href":"https:\/\/shop.grainesdepaix.org\/en\/wp-json\/wp\/v2\/product_brand?post=7286"},{"taxonomy":"product_cat","embeddable":true,"href":"https:\/\/shop.grainesdepaix.org\/en\/wp-json\/wp\/v2\/product_cat?post=7286"},{"taxonomy":"product_tag","embeddable":true,"href":"https:\/\/shop.grainesdepaix.org\/en\/wp-json\/wp\/v2\/product_tag?post=7286"}],"curies":[{"name":"wp","href":"https:\/\/api.w.org\/{rel}","templated":true}]}}