{"id":7284,"date":"2025-12-15T18:15:42","date_gmt":"2025-12-15T17:15:42","guid":{"rendered":"https:\/\/shop.grainesdepaix.org\/produit\/poster-in-pursuit-of-leon-and-his-emotions\/"},"modified":"2025-12-15T18:15:42","modified_gmt":"2025-12-15T17:15:42","slug":"poster-in-pursuit-of-leon-and-his-emotions","status":"publish","type":"product","link":"https:\/\/shop.grainesdepaix.org\/en\/produit\/poster-in-pursuit-of-leon-and-his-emotions\/","title":{"rendered":"POSTER: &#8220;In pursuit of Leon and his emotions&#8221;."},"content":{"rendered":"<p><strong>Understanding emotions at a glance<\/strong><\/p>\n<p>Inspired by the book-game &#8220;A la poursuite de L\u00e9on et ses \u00e9motions&#8221;, this poster illustrates eight main emotions through L\u00e9on the chameleon and his friends.<br \/>\nAccessible from the age of 4, it helps children put their feelings into words and identify their needs: to calm down, to rest, to share, to be listened to&#8230;<\/p>\n<p>A simple, visual teaching tool to support children&#8217;s emotional development at school and at home.<\/p>\n<p>A colorful, fun tool to support children&#8217;s emotional development at school and at home.<\/p>\n","protected":false},"excerpt":{"rendered":"<p><strong>Size<\/strong>: 42 \u00d7 59.4 cm (A2 format)<br \/>\n<strong>Print<\/strong>: vivid colors on thick paper<br \/>\n<strong>Age<\/strong>: from 4 years<br \/>\n<b>Postage <\/b>: folded in envelope<\/p>\n","protected":false},"featured_media":7170,"template":"","meta":{"_acf_changed":false,"inline_featured_image":false},"product_brand":[],"product_cat":[277],"product_tag":[],"class_list":{"0":"post-7284","1":"product","2":"type-product","3":"status-publish","4":"has-post-thumbnail","6":"product_cat-resources-for-children","8":"first","9":"instock","10":"featured","11":"shipping-taxable","12":"purchasable","13":"product-type-simple"},"acf":[],"yoast_head":"<!-- This site is optimized with the Yoast SEO plugin v27.1.1 - https:\/\/yoast.com\/product\/yoast-seo-wordpress\/ -->\n<title>Poster &quot;In pursuit of L\u00e9on and his emotions&quot;.<\/title>\n<meta name=\"description\" content=\"An illustrated poster to help children recognize their emotions, understand their needs and develop empathy at school and at home.\" \/>\n<meta name=\"robots\" content=\"index, follow, max-snippet:-1, max-image-preview:large, max-video-preview:-1\" \/>\n<link rel=\"canonical\" href=\"https:\/\/shop.grainesdepaix.org\/en\/produit\/poster-in-pursuit-of-leon-and-his-emotions\/\" \/>\n<meta property=\"og:locale\" content=\"en_US\" \/>\n<meta property=\"og:type\" content=\"article\" \/>\n<meta property=\"og:title\" content=\"Poster &quot;In pursuit of L\u00e9on and his emotions&quot;.\" \/>\n<meta property=\"og:description\" content=\"An illustrated poster to help children recognize their emotions, understand their needs and develop empathy at school and at home.\" \/>\n<meta property=\"og:url\" content=\"https:\/\/shop.grainesdepaix.org\/en\/produit\/poster-in-pursuit-of-leon-and-his-emotions\/\" \/>\n<meta property=\"og:site_name\" content=\"Shop Fondation Graines de Paix\" \/>\n<meta property=\"og:image\" content=\"https:\/\/shop.grainesdepaix.org\/wp-content\/uploads\/2025\/12\/poster-leon.webp\" \/>\n\t<meta property=\"og:image:width\" content=\"740\" \/>\n\t<meta property=\"og:image:height\" content=\"740\" \/>\n\t<meta property=\"og:image:type\" content=\"image\/webp\" \/>\n<meta name=\"twitter:card\" content=\"summary_large_image\" \/>\n<script type=\"application\/ld+json\" class=\"yoast-schema-graph\">{\"@context\":\"https:\/\/schema.org\",\"@graph\":[{\"@type\":\"WebPage\",\"@id\":\"https:\/\/shop.grainesdepaix.org\/en\/produit\/poster-in-pursuit-of-leon-and-his-emotions\/\",\"url\":\"https:\/\/shop.grainesdepaix.org\/en\/produit\/poster-in-pursuit-of-leon-and-his-emotions\/\",\"name\":\"Poster \\\"In pursuit of L\u00e9on and his emotions\\\".\",\"isPartOf\":{\"@id\":\"https:\/\/shop.grainesdepaix.org\/en\/#website\"},\"primaryImageOfPage\":{\"@id\":\"https:\/\/shop.grainesdepaix.org\/en\/produit\/poster-in-pursuit-of-leon-and-his-emotions\/#primaryimage\"},\"image\":{\"@id\":\"https:\/\/shop.grainesdepaix.org\/en\/produit\/poster-in-pursuit-of-leon-and-his-emotions\/#primaryimage\"},\"thumbnailUrl\":\"https:\/\/shop.grainesdepaix.org\/wp-content\/uploads\/2025\/12\/poster-leon.webp\",\"datePublished\":\"2025-12-15T17:15:42+00:00\",\"description\":\"An illustrated poster to help children recognize their emotions, understand their needs and develop empathy at school and at home.\",\"breadcrumb\":{\"@id\":\"https:\/\/shop.grainesdepaix.org\/en\/produit\/poster-in-pursuit-of-leon-and-his-emotions\/#breadcrumb\"},\"inLanguage\":\"en-US\",\"potentialAction\":[{\"@type\":\"ReadAction\",\"target\":[\"https:\/\/shop.grainesdepaix.org\/en\/produit\/poster-in-pursuit-of-leon-and-his-emotions\/\"]}]},{\"@type\":\"ImageObject\",\"inLanguage\":\"en-US\",\"@id\":\"https:\/\/shop.grainesdepaix.org\/en\/produit\/poster-in-pursuit-of-leon-and-his-emotions\/#primaryimage\",\"url\":\"https:\/\/shop.grainesdepaix.org\/wp-content\/uploads\/2025\/12\/poster-leon.webp\",\"contentUrl\":\"https:\/\/shop.grainesdepaix.org\/wp-content\/uploads\/2025\/12\/poster-leon.webp\",\"width\":740,\"height\":740,\"caption\":\"Poster L\u00e9on and his emotions\"},{\"@type\":\"BreadcrumbList\",\"@id\":\"https:\/\/shop.grainesdepaix.org\/en\/produit\/poster-in-pursuit-of-leon-and-his-emotions\/#breadcrumb\",\"itemListElement\":[{\"@type\":\"ListItem\",\"position\":1,\"name\":\"Home\",\"item\":\"https:\/\/shop.grainesdepaix.org\/en\/\"},{\"@type\":\"ListItem\",\"position\":2,\"name\":\"POSTER: &#8220;In pursuit of Leon and his emotions&#8221;.\"}]},{\"@type\":\"WebSite\",\"@id\":\"https:\/\/shop.grainesdepaix.org\/en\/#website\",\"url\":\"https:\/\/shop.grainesdepaix.org\/en\/\",\"name\":\"Shop Fondation Graines de Paix\",\"description\":\"Un site utilisant WordPress\",\"potentialAction\":[{\"@type\":\"SearchAction\",\"target\":{\"@type\":\"EntryPoint\",\"urlTemplate\":\"https:\/\/shop.grainesdepaix.org\/en\/?s={search_term_string}\"},\"query-input\":{\"@type\":\"PropertyValueSpecification\",\"valueRequired\":true,\"valueName\":\"search_term_string\"}}],\"inLanguage\":\"en-US\"}]}<\/script>\n<!-- \/ Yoast SEO plugin. -->","yoast_head_json":{"title":"Poster \"In pursuit of L\u00e9on and his emotions\".","description":"An illustrated poster to help children recognize their emotions, understand their needs and develop empathy at school and at home.","robots":{"index":"index","follow":"follow","max-snippet":"max-snippet:-1","max-image-preview":"max-image-preview:large","max-video-preview":"max-video-preview:-1"},"canonical":"https:\/\/shop.grainesdepaix.org\/en\/produit\/poster-in-pursuit-of-leon-and-his-emotions\/","og_locale":"en_US","og_type":"article","og_title":"Poster \"In pursuit of L\u00e9on and his emotions\".","og_description":"An illustrated poster to help children recognize their emotions, understand their needs and develop empathy at school and at home.","og_url":"https:\/\/shop.grainesdepaix.org\/en\/produit\/poster-in-pursuit-of-leon-and-his-emotions\/","og_site_name":"Shop Fondation Graines de Paix","og_image":[{"width":740,"height":740,"url":"https:\/\/shop.grainesdepaix.org\/wp-content\/uploads\/2025\/12\/poster-leon.webp","type":"image\/webp"}],"twitter_card":"summary_large_image","schema":{"@context":"https:\/\/schema.org","@graph":[{"@type":"WebPage","@id":"https:\/\/shop.grainesdepaix.org\/en\/produit\/poster-in-pursuit-of-leon-and-his-emotions\/","url":"https:\/\/shop.grainesdepaix.org\/en\/produit\/poster-in-pursuit-of-leon-and-his-emotions\/","name":"Poster \"In pursuit of L\u00e9on and his emotions\".","isPartOf":{"@id":"https:\/\/shop.grainesdepaix.org\/en\/#website"},"primaryImageOfPage":{"@id":"https:\/\/shop.grainesdepaix.org\/en\/produit\/poster-in-pursuit-of-leon-and-his-emotions\/#primaryimage"},"image":{"@id":"https:\/\/shop.grainesdepaix.org\/en\/produit\/poster-in-pursuit-of-leon-and-his-emotions\/#primaryimage"},"thumbnailUrl":"https:\/\/shop.grainesdepaix.org\/wp-content\/uploads\/2025\/12\/poster-leon.webp","datePublished":"2025-12-15T17:15:42+00:00","description":"An illustrated poster to help children recognize their emotions, understand their needs and develop empathy at school and at home.","breadcrumb":{"@id":"https:\/\/shop.grainesdepaix.org\/en\/produit\/poster-in-pursuit-of-leon-and-his-emotions\/#breadcrumb"},"inLanguage":"en-US","potentialAction":[{"@type":"ReadAction","target":["https:\/\/shop.grainesdepaix.org\/en\/produit\/poster-in-pursuit-of-leon-and-his-emotions\/"]}]},{"@type":"ImageObject","inLanguage":"en-US","@id":"https:\/\/shop.grainesdepaix.org\/en\/produit\/poster-in-pursuit-of-leon-and-his-emotions\/#primaryimage","url":"https:\/\/shop.grainesdepaix.org\/wp-content\/uploads\/2025\/12\/poster-leon.webp","contentUrl":"https:\/\/shop.grainesdepaix.org\/wp-content\/uploads\/2025\/12\/poster-leon.webp","width":740,"height":740,"caption":"Poster L\u00e9on and his emotions"},{"@type":"BreadcrumbList","@id":"https:\/\/shop.grainesdepaix.org\/en\/produit\/poster-in-pursuit-of-leon-and-his-emotions\/#breadcrumb","itemListElement":[{"@type":"ListItem","position":1,"name":"Home","item":"https:\/\/shop.grainesdepaix.org\/en\/"},{"@type":"ListItem","position":2,"name":"POSTER: &#8220;In pursuit of Leon and his emotions&#8221;."}]},{"@type":"WebSite","@id":"https:\/\/shop.grainesdepaix.org\/en\/#website","url":"https:\/\/shop.grainesdepaix.org\/en\/","name":"Shop Fondation Graines de Paix","description":"Un site utilisant WordPress","potentialAction":[{"@type":"SearchAction","target":{"@type":"EntryPoint","urlTemplate":"https:\/\/shop.grainesdepaix.org\/en\/?s={search_term_string}"},"query-input":{"@type":"PropertyValueSpecification","valueRequired":true,"valueName":"search_term_string"}}],"inLanguage":"en-US"}]}},"_links":{"self":[{"href":"https:\/\/shop.grainesdepaix.org\/en\/wp-json\/wp\/v2\/product\/7284","targetHints":{"allow":["GET"]}}],"collection":[{"href":"https:\/\/shop.grainesdepaix.org\/en\/wp-json\/wp\/v2\/product"}],"about":[{"href":"https:\/\/shop.grainesdepaix.org\/en\/wp-json\/wp\/v2\/types\/product"}],"wp:featuredmedia":[{"embeddable":true,"href":"https:\/\/shop.grainesdepaix.org\/en\/wp-json\/wp\/v2\/media\/7170"}],"wp:attachment":[{"href":"https:\/\/shop.grainesdepaix.org\/en\/wp-json\/wp\/v2\/media?parent=7284"}],"wp:term":[{"taxonomy":"product_brand","embeddable":true,"href":"https:\/\/shop.grainesdepaix.org\/en\/wp-json\/wp\/v2\/product_brand?post=7284"},{"taxonomy":"product_cat","embeddable":true,"href":"https:\/\/shop.grainesdepaix.org\/en\/wp-json\/wp\/v2\/product_cat?post=7284"},{"taxonomy":"product_tag","embeddable":true,"href":"https:\/\/shop.grainesdepaix.org\/en\/wp-json\/wp\/v2\/product_tag?post=7284"}],"curies":[{"name":"wp","href":"https:\/\/api.w.org\/{rel}","templated":true}]}}