{"id":4968,"date":"2025-06-07T16:45:28","date_gmt":"2025-06-07T14:45:28","guid":{"rendered":"https:\/\/shop.grainesdepaix.org\/faq\/"},"modified":"2025-07-04T16:50:57","modified_gmt":"2025-07-04T14:50:57","slug":"faq","status":"publish","type":"page","link":"https:\/\/shop.grainesdepaix.org\/en\/faq\/","title":{"rendered":"FAQ"},"content":{"rendered":"<div class=\"accordion\" id=\"faqs-group-block_914266eed9e7c2dea1154bb7379a24e8\">        <div class=\"accordion-item\">\n            <div class=\"accordion-header\" id=\"faqs-group-block_914266eed9e7c2dea1154bb7379a24e8-faq-0-heading\">\n                <button class=\"accordion-button collapsed\" type=\"button\" data-bs-toggle=\"collapse\" data-bs-target=\"#faqs-group-block_914266eed9e7c2dea1154bb7379a24e8-faq-0-collapse\" aria-expanded=\"false\" aria-controls=\"faqs-group-block_914266eed9e7c2dea1154bb7379a24e8-faq-0-collapse\">\n                    J\u2019ai re\u00e7u un article endommag\u00e9, que faire ?                <\/button>\n            <\/div>\n            <div id=\"faqs-group-block_914266eed9e7c2dea1154bb7379a24e8-faq-0-collapse\" class=\"accordion-collapse collapse\" aria-labelledby=\"faqs-group-block_914266eed9e7c2dea1154bb7379a24e8-faq-0-heading\" data-bs-parent=\"#faqs-group-block_914266eed9e7c2dea1154bb7379a24e8\">\n                <div class=\"accordion-body\">\n                    \n<p>Nous rempla\u00e7ons gratuitement tout article pr\u00e9sentant un d\u00e9faut de fabrication ou endommag\u00e9 lors du transport.<br>Merci de nous contacter par email (<strong>boutique@grainesdepaix.org<\/strong>) avec une photo du produit concern\u00e9 dans un d\u00e9lai de <strong>trois jours ouvrables<\/strong> suivant la r\u00e9ception.<\/p>\n\n\n\n<p><\/p>\n                <\/div>\n            <\/div>\n        <\/div>\n        <div class=\"accordion-item\">\n            <div class=\"accordion-header\" id=\"faqs-group-block_914266eed9e7c2dea1154bb7379a24e8-faq-1-heading\">\n                <button class=\"accordion-button collapsed\" type=\"button\" data-bs-toggle=\"collapse\" data-bs-target=\"#faqs-group-block_914266eed9e7c2dea1154bb7379a24e8-faq-1-collapse\" aria-expanded=\"false\" aria-controls=\"faqs-group-block_914266eed9e7c2dea1154bb7379a24e8-faq-1-collapse\">\n                    Puis-je retourner un article ?                <\/button>\n            <\/div>\n            <div id=\"faqs-group-block_914266eed9e7c2dea1154bb7379a24e8-faq-1-collapse\" class=\"accordion-collapse collapse\" aria-labelledby=\"faqs-group-block_914266eed9e7c2dea1154bb7379a24e8-faq-1-heading\" data-bs-parent=\"#faqs-group-block_914266eed9e7c2dea1154bb7379a24e8\">\n                <div class=\"accordion-body\">\n                    \n<p>Les modalit\u00e9s de retour et de remboursement sont d\u00e9taill\u00e9es dans nos <strong>Conditions de vente<\/strong>.<\/p>\n\n\n\n<p><\/p>\n                <\/div>\n            <\/div>\n        <\/div>\n        <div class=\"accordion-item\">\n            <div class=\"accordion-header\" id=\"faqs-group-block_914266eed9e7c2dea1154bb7379a24e8-faq-2-heading\">\n                <button class=\"accordion-button collapsed\" type=\"button\" data-bs-toggle=\"collapse\" data-bs-target=\"#faqs-group-block_914266eed9e7c2dea1154bb7379a24e8-faq-2-collapse\" aria-expanded=\"false\" aria-controls=\"faqs-group-block_914266eed9e7c2dea1154bb7379a24e8-faq-2-collapse\">\n                    Quels sont les d\u00e9lais de livraison ?                <\/button>\n            <\/div>\n            <div id=\"faqs-group-block_914266eed9e7c2dea1154bb7379a24e8-faq-2-collapse\" class=\"accordion-collapse collapse\" aria-labelledby=\"faqs-group-block_914266eed9e7c2dea1154bb7379a24e8-faq-2-heading\" data-bs-parent=\"#faqs-group-block_914266eed9e7c2dea1154bb7379a24e8\">\n                <div class=\"accordion-body\">\n                    \n<p>Les d\u00e9lais de livraison sont pr\u00e9cis\u00e9s dans nos <strong>Conditions de vente<\/strong>.<\/p>\n\n\n\n<p><\/p>\n                <\/div>\n            <\/div>\n        <\/div>\n        <div class=\"accordion-item\">\n            <div class=\"accordion-header\" id=\"faqs-group-block_914266eed9e7c2dea1154bb7379a24e8-faq-3-heading\">\n                <button class=\"accordion-button collapsed\" type=\"button\" data-bs-toggle=\"collapse\" data-bs-target=\"#faqs-group-block_914266eed9e7c2dea1154bb7379a24e8-faq-3-collapse\" aria-expanded=\"false\" aria-controls=\"faqs-group-block_914266eed9e7c2dea1154bb7379a24e8-faq-3-collapse\">\n                    Puis-je commander depuis d\u2019autres pays ?                <\/button>\n            <\/div>\n            <div id=\"faqs-group-block_914266eed9e7c2dea1154bb7379a24e8-faq-3-collapse\" class=\"accordion-collapse collapse\" aria-labelledby=\"faqs-group-block_914266eed9e7c2dea1154bb7379a24e8-faq-3-heading\" data-bs-parent=\"#faqs-group-block_914266eed9e7c2dea1154bb7379a24e8\">\n                <div class=\"accordion-body\">\n                    \n<p>Selon le pays, cela peut \u00eatre possible.<br>Merci de nous contacter \u00e0 l\u2019adresse : <strong><a href=\"mailto:boutique@grainesdepaix.org\">boutique@grainesdepaix.org<\/a><\/strong><\/p>\n\n\n\n<p><\/p>\n                <\/div>\n            <\/div>\n        <\/div>\n        <div class=\"accordion-item\">\n            <div class=\"accordion-header\" id=\"faqs-group-block_914266eed9e7c2dea1154bb7379a24e8-faq-4-heading\">\n                <button class=\"accordion-button collapsed\" type=\"button\" data-bs-toggle=\"collapse\" data-bs-target=\"#faqs-group-block_914266eed9e7c2dea1154bb7379a24e8-faq-4-collapse\" aria-expanded=\"false\" aria-controls=\"faqs-group-block_914266eed9e7c2dea1154bb7379a24e8-faq-4-collapse\">\n                    Puis-je commander depuis la France ?                <\/button>\n            <\/div>\n            <div id=\"faqs-group-block_914266eed9e7c2dea1154bb7379a24e8-faq-4-collapse\" class=\"accordion-collapse collapse\" aria-labelledby=\"faqs-group-block_914266eed9e7c2dea1154bb7379a24e8-faq-4-heading\" data-bs-parent=\"#faqs-group-block_914266eed9e7c2dea1154bb7379a24e8\">\n                <div class=\"accordion-body\">\n                    \n<p>Oui, nous livrons en Suisse et en France.<\/p>\n                <\/div>\n            <\/div>\n        <\/div>\n<\/div>","protected":false},"excerpt":{"rendered":"","protected":false},"author":1,"featured_media":0,"parent":0,"menu_order":0,"comment_status":"closed","ping_status":"closed","template":"","meta":{"_acf_changed":false,"inline_featured_image":false,"footnotes":""},"class_list":["post-4968","page","type-page","status-publish","hentry"],"acf":[],"yoast_head":"<!-- This site is optimized with the Yoast SEO plugin v27.4 - https:\/\/yoast.com\/product\/yoast-seo-wordpress\/ -->\n<title>FAQ - Shop Fondation Graines de Paix<\/title>\n<meta name=\"robots\" content=\"index, follow, max-snippet:-1, max-image-preview:large, max-video-preview:-1\" \/>\n<link rel=\"canonical\" href=\"https:\/\/shop.grainesdepaix.org\/en\/faq\/\" \/>\n<meta property=\"og:locale\" content=\"en_US\" \/>\n<meta property=\"og:type\" content=\"article\" \/>\n<meta property=\"og:title\" content=\"FAQ - Shop Fondation Graines de Paix\" \/>\n<meta property=\"og:url\" content=\"https:\/\/shop.grainesdepaix.org\/en\/faq\/\" \/>\n<meta property=\"og:site_name\" content=\"Shop Fondation Graines de Paix\" \/>\n<meta property=\"article:modified_time\" content=\"2025-07-04T14:50:57+00:00\" \/>\n<meta name=\"twitter:card\" content=\"summary_large_image\" \/>\n<script type=\"application\/ld+json\" class=\"yoast-schema-graph\">{\"@context\":\"https:\\\/\\\/schema.org\",\"@graph\":[{\"@type\":\"WebPage\",\"@id\":\"https:\\\/\\\/shop.grainesdepaix.org\\\/en\\\/faq\\\/\",\"url\":\"https:\\\/\\\/shop.grainesdepaix.org\\\/en\\\/faq\\\/\",\"name\":\"FAQ - Shop Fondation Graines de Paix\",\"isPartOf\":{\"@id\":\"https:\\\/\\\/shop.grainesdepaix.org\\\/en\\\/#website\"},\"datePublished\":\"2025-06-07T14:45:28+00:00\",\"dateModified\":\"2025-07-04T14:50:57+00:00\",\"breadcrumb\":{\"@id\":\"https:\\\/\\\/shop.grainesdepaix.org\\\/en\\\/faq\\\/#breadcrumb\"},\"inLanguage\":\"en-US\",\"potentialAction\":[{\"@type\":\"ReadAction\",\"target\":[\"https:\\\/\\\/shop.grainesdepaix.org\\\/en\\\/faq\\\/\"]}]},{\"@type\":\"BreadcrumbList\",\"@id\":\"https:\\\/\\\/shop.grainesdepaix.org\\\/en\\\/faq\\\/#breadcrumb\",\"itemListElement\":[{\"@type\":\"ListItem\",\"position\":1,\"name\":\"Home\",\"item\":\"https:\\\/\\\/shop.grainesdepaix.org\\\/en\\\/\"},{\"@type\":\"ListItem\",\"position\":2,\"name\":\"FAQ\"}]},{\"@type\":\"WebSite\",\"@id\":\"https:\\\/\\\/shop.grainesdepaix.org\\\/en\\\/#website\",\"url\":\"https:\\\/\\\/shop.grainesdepaix.org\\\/en\\\/\",\"name\":\"Shop Fondation Graines de Paix\",\"description\":\"Un site utilisant WordPress\",\"potentialAction\":[{\"@type\":\"SearchAction\",\"target\":{\"@type\":\"EntryPoint\",\"urlTemplate\":\"https:\\\/\\\/shop.grainesdepaix.org\\\/en\\\/?s={search_term_string}\"},\"query-input\":{\"@type\":\"PropertyValueSpecification\",\"valueRequired\":true,\"valueName\":\"search_term_string\"}}],\"inLanguage\":\"en-US\"}]}<\/script>\n<!-- \/ Yoast SEO plugin. -->","yoast_head_json":{"title":"FAQ - Shop Fondation Graines de Paix","robots":{"index":"index","follow":"follow","max-snippet":"max-snippet:-1","max-image-preview":"max-image-preview:large","max-video-preview":"max-video-preview:-1"},"canonical":"https:\/\/shop.grainesdepaix.org\/en\/faq\/","og_locale":"en_US","og_type":"article","og_title":"FAQ - Shop Fondation Graines de Paix","og_url":"https:\/\/shop.grainesdepaix.org\/en\/faq\/","og_site_name":"Shop Fondation Graines de Paix","article_modified_time":"2025-07-04T14:50:57+00:00","twitter_card":"summary_large_image","schema":{"@context":"https:\/\/schema.org","@graph":[{"@type":"WebPage","@id":"https:\/\/shop.grainesdepaix.org\/en\/faq\/","url":"https:\/\/shop.grainesdepaix.org\/en\/faq\/","name":"FAQ - Shop Fondation Graines de Paix","isPartOf":{"@id":"https:\/\/shop.grainesdepaix.org\/en\/#website"},"datePublished":"2025-06-07T14:45:28+00:00","dateModified":"2025-07-04T14:50:57+00:00","breadcrumb":{"@id":"https:\/\/shop.grainesdepaix.org\/en\/faq\/#breadcrumb"},"inLanguage":"en-US","potentialAction":[{"@type":"ReadAction","target":["https:\/\/shop.grainesdepaix.org\/en\/faq\/"]}]},{"@type":"BreadcrumbList","@id":"https:\/\/shop.grainesdepaix.org\/en\/faq\/#breadcrumb","itemListElement":[{"@type":"ListItem","position":1,"name":"Home","item":"https:\/\/shop.grainesdepaix.org\/en\/"},{"@type":"ListItem","position":2,"name":"FAQ"}]},{"@type":"WebSite","@id":"https:\/\/shop.grainesdepaix.org\/en\/#website","url":"https:\/\/shop.grainesdepaix.org\/en\/","name":"Shop Fondation Graines de Paix","description":"Un site utilisant WordPress","potentialAction":[{"@type":"SearchAction","target":{"@type":"EntryPoint","urlTemplate":"https:\/\/shop.grainesdepaix.org\/en\/?s={search_term_string}"},"query-input":{"@type":"PropertyValueSpecification","valueRequired":true,"valueName":"search_term_string"}}],"inLanguage":"en-US"}]}},"_links":{"self":[{"href":"https:\/\/shop.grainesdepaix.org\/en\/wp-json\/wp\/v2\/pages\/4968","targetHints":{"allow":["GET"]}}],"collection":[{"href":"https:\/\/shop.grainesdepaix.org\/en\/wp-json\/wp\/v2\/pages"}],"about":[{"href":"https:\/\/shop.grainesdepaix.org\/en\/wp-json\/wp\/v2\/types\/page"}],"author":[{"embeddable":true,"href":"https:\/\/shop.grainesdepaix.org\/en\/wp-json\/wp\/v2\/users\/1"}],"replies":[{"embeddable":true,"href":"https:\/\/shop.grainesdepaix.org\/en\/wp-json\/wp\/v2\/comments?post=4968"}],"version-history":[{"count":0,"href":"https:\/\/shop.grainesdepaix.org\/en\/wp-json\/wp\/v2\/pages\/4968\/revisions"}],"wp:attachment":[{"href":"https:\/\/shop.grainesdepaix.org\/en\/wp-json\/wp\/v2\/media?parent=4968"}],"curies":[{"name":"wp","href":"https:\/\/api.w.org\/{rel}","templated":true}]}}